{"id":3887,"date":"2025-12-14T08:51:41","date_gmt":"2025-12-14T07:51:41","guid":{"rendered":"https:\/\/www.cvs-marketing.com\/?page_id=3887"},"modified":"2025-12-14T15:29:11","modified_gmt":"2025-12-14T14:29:11","slug":"marketing-insights","status":"publish","type":"page","link":"https:\/\/www.cvs-marketing.com\/en\/marketing-insights\/","title":{"rendered":"Blog"},"content":{"rendered":"<p>[et_pb_section fb_built=\u00a0\u00bb1&Prime; admin_label=\u00a0\u00bbBlog\u00a0\u00bb _builder_version=\u00a0\u00bb4.22.0&Prime; _module_preset=\u00a0\u00bbdefault\u00a0\u00bb collapsed=\u00a0\u00bbon\u00a0\u00bb global_colors_info=\u00a0\u00bb{}\u00a0\u00bb][et_pb_row _builder_version=\u00a0\u00bb4.22.0&Prime; _module_preset=\u00a0\u00bbdefault\u00a0\u00bb global_colors_info=\u00a0\u00bb{}\u00a0\u00bb][et_pb_column type=\u00a0\u00bb4_4&Prime; _builder_version=\u00a0\u00bb4.22.0&Prime; _module_preset=\u00a0\u00bbdefault\u00a0\u00bb global_colors_info=\u00a0\u00bb{}\u00a0\u00bb][et_pb_text _builder_version=\u00a0\u00bb4.22.0&Prime; _module_preset=\u00a0\u00bb542613d1-b7e3-4a35-9b7d-0e081505c770&Prime; global_colors_info=\u00a0\u00bb{}\u00a0\u00bb]<\/p>\n<h1>Blog<\/h1>\n<p>[\/et_pb_text][\/et_pb_column][\/et_pb_row][et_pb_row column_structure=\u00a0\u00bb1_2,1_2&Prime; _builder_version=\u00a0\u00bb4.27.5&Prime; _module_preset=\u00a0\u00bbdefault\u00a0\u00bb background_color=\u00a0\u00bb#19879F\u00a0\u00bb width=\u00a0\u00bb100%\u00a0\u00bb max_width=\u00a0\u00bb2560px\u00a0\u00bb hover_enabled=\u00a0\u00bb0&Prime; global_colors_info=\u00a0\u00bb{}\u00a0\u00bb custom_margin=\u00a0\u00bb0px||0px||false|false\u00a0\u00bb custom_padding=\u00a0\u00bb0px||0px||false|false\u00a0\u00bb sticky_enabled=\u00a0\u00bb0&Prime;][et_pb_column type=\u00a0\u00bb1_2&Prime; _builder_version=\u00a0\u00bb4.27.4&Prime; _module_preset=\u00a0\u00bbdefault\u00a0\u00bb global_colors_info=\u00a0\u00bb{}\u00a0\u00bb][et_pb_divider show_divider=\u00a0\u00bboff\u00a0\u00bb _builder_version=\u00a0\u00bb4.27.4&Prime; _module_preset=\u00a0\u00bbdefault\u00a0\u00bb global_colors_info=\u00a0\u00bb{}\u00a0\u00bb][\/et_pb_divider][et_pb_text _builder_version=\u00a0\u00bb4.27.4&Prime; _module_preset=\u00a0\u00bbdefault\u00a0\u00bb text_font=\u00a0\u00bbPoppins||||||||\u00a0\u00bb text_text_color=\u00a0\u00bb#FFFFFF\u00a0\u00bb text_font_size=\u00a0\u00bb20px\u00a0\u00bb header_font=\u00a0\u00bbPoppins||||||||\u00a0\u00bb header_2_text_color=\u00a0\u00bb#19879F\u00a0\u00bb custom_padding=\u00a0\u00bb|||120px|false|false\u00a0\u00bb global_colors_info=\u00a0\u00bb{}\u00a0\u00bb]<\/p>\n<p>BIENVENUE SUR LE BLOG<\/p>\n<p>[\/et_pb_text][et_pb_heading title=\u00a0\u00bbCVS MARKETING INSIGHTS\u00a0\u00bb _builder_version=\u00a0\u00bb4.27.5&Prime; _module_preset=\u00a0\u00bbdefault\u00a0\u00bb title_font=\u00a0\u00bbPoppins||||||||\u00a0\u00bb custom_padding=\u00a0\u00bb|||120px|false|false\u00a0\u00bb global_colors_info=\u00a0\u00bb{}\u00a0\u00bb][\/et_pb_heading][et_pb_text _builder_version=\u00a0\u00bb4.27.5&Prime; _module_preset=\u00a0\u00bbdefault\u00a0\u00bb text_font=\u00a0\u00bbPoppins||||||||\u00a0\u00bb text_text_color=\u00a0\u00bb#FFFFFF\u00a0\u00bb header_font=\u00a0\u00bbPoppins||||||||\u00a0\u00bb header_2_text_color=\u00a0\u00bb#19879F\u00a0\u00bb custom_padding=\u00a0\u00bb|||120px|false|false\u00a0\u00bb hover_enabled=\u00a0\u00bb0&Prime; global_colors_info=\u00a0\u00bb{}\u00a0\u00bb sticky_enabled=\u00a0\u00bb0&Prime;]<\/p>\n<p>Conseils, analyses et retours d\u2019exp\u00e9rience pour piloter un marketing B2B performant, agile et align\u00e9 sur vos objectifs. Quelques cl\u00e9s pour acc\u00e9l\u00e9rer votre croissance, gagner en visibilit\u00e9 et optimiser votre ROI.<\/p>\n<p>[\/et_pb_text][\/et_pb_column][et_pb_column type=\u00a0\u00bb1_2&Prime; _builder_version=\u00a0\u00bb4.27.4&Prime; _module_preset=\u00a0\u00bbdefault\u00a0\u00bb global_colors_info=\u00a0\u00bb{}\u00a0\u00bb][et_pb_image src=\u00a0\u00bbhttps:\/\/www.cvs-marketing.com\/wp-content\/uploads\/2025\/12\/BLOG-Banner-CVS-MARKETING-INSIGHTS.svg\u00a0\u00bb _builder_version=\u00a0\u00bb4.27.5&Prime; _module_preset=\u00a0\u00bbdefault\u00a0\u00bb alt=\u00a0\u00bbCVS MARKETING INSIGHTS &#8211; BLOG PROFESSIONNEL &#8211; Page officielle\u00a0\u00bb title_text=\u00a0\u00bbBLOG Banner &#8211; CVS MARKETING INSIGHTS\u00a0\u00bb hover_enabled=\u00a0\u00bb0&Prime; sticky_enabled=\u00a0\u00bb0&Prime; width=\u00a0\u00bb100%\u00a0\u00bb][\/et_pb_image][\/et_pb_column][\/et_pb_row][et_pb_row _builder_version=\u00a0\u00bb4.27.5&Prime; _module_preset=\u00a0\u00bbdefault\u00a0\u00bb hover_enabled=\u00a0\u00bb0&Prime; global_colors_info=\u00a0\u00bb{}\u00a0\u00bb sticky_enabled=\u00a0\u00bb0&Prime; custom_margin=\u00a0\u00bb30px||||false|false\u00a0\u00bb][et_pb_column type=\u00a0\u00bb4_4&Prime; _builder_version=\u00a0\u00bb4.27.5&Prime; _module_preset=\u00a0\u00bbdefault\u00a0\u00bb hover_enabled=\u00a0\u00bb0&Prime; global_colors_info=\u00a0\u00bb{}\u00a0\u00bb sticky_enabled=\u00a0\u00bb0&Prime;][et_pb_text _builder_version=\u00a0\u00bb4.27.5&Prime; _module_preset=\u00a0\u00bbdefault\u00a0\u00bb hover_enabled=\u00a0\u00bb0&Prime; sticky_enabled=\u00a0\u00bb0&Prime; text_font=\u00a0\u00bbPoppins||||||||\u00a0\u00bb text_text_color=\u00a0\u00bb#19879F\u00a0\u00bb header_font=\u00a0\u00bbPoppins||||||||\u00a0\u00bb header_text_color=\u00a0\u00bb#19879F\u00a0\u00bb header_3_font=\u00a0\u00bbPoppins||||||||\u00a0\u00bb]<\/p>\n<h3>Articles r\u00e9cents<\/h3>\n<p>[\/et_pb_text][et_pb_blog posts_number=\u00a0\u00bb12&Prime; meta_date=\u00a0\u00bbj M Y\u00a0\u00bb excerpt_length=\u00a0\u00bb400&Prime; show_categories=\u00a0\u00bboff\u00a0\u00bb _builder_version=\u00a0\u00bb4.27.5&Prime; _module_preset=\u00a0\u00bbf4bc8967-27a3-462b-81b0-f640e1458e8a\u00a0\u00bb header_level=\u00a0\u00bbh3&Prime; header_font=\u00a0\u00bbPoppins|800|||||||\u00a0\u00bb body_font=\u00a0\u00bbPoppins||||||||\u00a0\u00bb body_text_color=\u00a0\u00bb#003742&Prime; meta_font=\u00a0\u00bbPoppins||||||||\u00a0\u00bb meta_text_color=\u00a0\u00bb#19879F\u00a0\u00bb read_more_font=\u00a0\u00bbPoppins|800|||||||\u00a0\u00bb read_more_text_color=\u00a0\u00bb#19879F\u00a0\u00bb hover_enabled=\u00a0\u00bb0&Prime; locked=\u00a0\u00bboff\u00a0\u00bb global_colors_info=\u00a0\u00bb{}\u00a0\u00bb masonry_tile_background_color=\u00a0\u00bb#FFFFFF\u00a0\u00bb body_font_size=\u00a0\u00bb14px\u00a0\u00bb sticky_enabled=\u00a0\u00bb0&Prime;][\/et_pb_blog][\/et_pb_column][\/et_pb_row][\/et_pb_section]<\/p>\n","protected":false},"excerpt":{"rendered":"<p>BlogBIENVENUE SUR LE BLOGConseils, analyses et retours d\u2019exp\u00e9rience pour piloter un marketing B2B performant, agile et align\u00e9 sur vos objectifs. Quelques cl\u00e9s pour acc\u00e9l\u00e9rer votre croissance, gagner en visibilit\u00e9 et optimiser votre ROI.Articles r\u00e9cents<\/p>","protected":false},"author":3,"featured_media":4290,"parent":0,"menu_order":0,"comment_status":"closed","ping_status":"closed","template":"","meta":{"_et_pb_use_builder":"on","_et_pb_old_content":"","_et_gb_content_width":"","inline_featured_image":false,"footnotes":""},"class_list":["post-3887","page","type-page","status-publish","has-post-thumbnail","hentry"],"yoast_head":"<!-- This site is optimized with the Yoast SEO plugin v27.5 - https:\/\/yoast.com\/product\/yoast-seo-wordpress\/ -->\n<title>Bienvenue sur le Blog Professionnel | CVS MARKETING Insights<\/title>\n<meta name=\"description\" content=\"D\u00e9couvrez le blog CVS MARKETING INSIGHTS : Conseils, Analyses et Retours d\u2019Exp\u00e9rience pour piloter un marketing B2B performant, agile, align\u00e9.\" \/>\n<meta name=\"robots\" content=\"index, follow, max-snippet:-1, max-image-preview:large, max-video-preview:-1\" \/>\n<link rel=\"canonical\" href=\"https:\/\/www.cvs-marketing.com\/en\/marketing-insights\/\" \/>\n<meta property=\"og:locale\" content=\"en_GB\" \/>\n<meta property=\"og:type\" content=\"article\" \/>\n<meta property=\"og:title\" content=\"Bienvenue sur le Blog Professionnel | CVS MARKETING Insights\" \/>\n<meta property=\"og:description\" content=\"D\u00e9couvrez le blog CVS MARKETING INSIGHTS : Conseils, Analyses et Retours d\u2019Exp\u00e9rience pour piloter un marketing B2B performant, agile, align\u00e9.\" \/>\n<meta property=\"og:url\" content=\"https:\/\/www.cvs-marketing.com\/en\/marketing-insights\/\" \/>\n<meta property=\"og:site_name\" content=\"CVS Marketing - Agence Conseil en Marketing BtoB\" \/>\n<meta property=\"article:publisher\" content=\"https:\/\/www.facebook.com\/agencecvsmarketing\" \/>\n<meta property=\"article:modified_time\" content=\"2025-12-14T14:29:11+00:00\" \/>\n<meta property=\"og:image\" content=\"https:\/\/www.cvs-marketing.com\/wp-content\/uploads\/2025\/12\/CVS-MARKETING-INSIGHTS-BLOG-PROFESSIONNEL-Page-officielle.png\" \/>\n\t<meta property=\"og:image:width\" content=\"1200\" \/>\n\t<meta property=\"og:image:height\" content=\"1500\" \/>\n\t<meta property=\"og:image:type\" content=\"image\/png\" \/>\n<meta name=\"twitter:card\" content=\"summary_large_image\" \/>\n<meta name=\"twitter:label1\" content=\"Estimated reading time\" \/>\n\t<meta name=\"twitter:data1\" content=\"2 minutes\" \/>\n<script type=\"application\/ld+json\" class=\"yoast-schema-graph\">{\"@context\":\"https:\\\/\\\/schema.org\",\"@graph\":[{\"@type\":\"WebPage\",\"@id\":\"https:\\\/\\\/www.cvs-marketing.com\\\/marketing-insights\\\/\",\"url\":\"https:\\\/\\\/www.cvs-marketing.com\\\/marketing-insights\\\/\",\"name\":\"Bienvenue sur le Blog Professionnel | CVS MARKETING Insights\",\"isPartOf\":{\"@id\":\"https:\\\/\\\/www.cvs-marketing.com\\\/#website\"},\"primaryImageOfPage\":{\"@id\":\"https:\\\/\\\/www.cvs-marketing.com\\\/marketing-insights\\\/#primaryimage\"},\"image\":{\"@id\":\"https:\\\/\\\/www.cvs-marketing.com\\\/marketing-insights\\\/#primaryimage\"},\"thumbnailUrl\":\"https:\\\/\\\/www.cvs-marketing.com\\\/wp-content\\\/uploads\\\/2025\\\/12\\\/CVS-MARKETING-INSIGHTS-BLOG-PROFESSIONNEL-Page-officielle.png\",\"datePublished\":\"2025-12-14T07:51:41+00:00\",\"dateModified\":\"2025-12-14T14:29:11+00:00\",\"description\":\"D\u00e9couvrez le blog CVS MARKETING INSIGHTS : Conseils, Analyses et Retours d\u2019Exp\u00e9rience pour piloter un marketing B2B performant, agile, align\u00e9.\",\"breadcrumb\":{\"@id\":\"https:\\\/\\\/www.cvs-marketing.com\\\/marketing-insights\\\/#breadcrumb\"},\"inLanguage\":\"en-GB\",\"potentialAction\":[{\"@type\":\"ReadAction\",\"target\":[\"https:\\\/\\\/www.cvs-marketing.com\\\/marketing-insights\\\/\"]}]},{\"@type\":\"ImageObject\",\"inLanguage\":\"en-GB\",\"@id\":\"https:\\\/\\\/www.cvs-marketing.com\\\/marketing-insights\\\/#primaryimage\",\"url\":\"https:\\\/\\\/www.cvs-marketing.com\\\/wp-content\\\/uploads\\\/2025\\\/12\\\/CVS-MARKETING-INSIGHTS-BLOG-PROFESSIONNEL-Page-officielle.png\",\"contentUrl\":\"https:\\\/\\\/www.cvs-marketing.com\\\/wp-content\\\/uploads\\\/2025\\\/12\\\/CVS-MARKETING-INSIGHTS-BLOG-PROFESSIONNEL-Page-officielle.png\",\"width\":1200,\"height\":1500,\"caption\":\"CVS MARKETING INSIGHTS - BLOG PROFESSIONNEL - Page officielle\"},{\"@type\":\"BreadcrumbList\",\"@id\":\"https:\\\/\\\/www.cvs-marketing.com\\\/marketing-insights\\\/#breadcrumb\",\"itemListElement\":[{\"@type\":\"ListItem\",\"position\":1,\"name\":\"Accueil\",\"item\":\"https:\\\/\\\/www.cvs-marketing.com\\\/\"},{\"@type\":\"ListItem\",\"position\":2,\"name\":\"Blog\"}]},{\"@type\":\"WebSite\",\"@id\":\"https:\\\/\\\/www.cvs-marketing.com\\\/#website\",\"url\":\"https:\\\/\\\/www.cvs-marketing.com\\\/\",\"name\":\"Agence Conseil en Marketing BtoB - CVS Marketing\",\"description\":\"Conseil, Strat\u00e9gie, Externalisation, Digital et Services CVS Marketing\",\"publisher\":{\"@id\":\"https:\\\/\\\/www.cvs-marketing.com\\\/#organization\"},\"alternateName\":\"Agence Conseil en Marketing BtoB - CVS Marketing\",\"potentialAction\":[{\"@type\":\"SearchAction\",\"target\":{\"@type\":\"EntryPoint\",\"urlTemplate\":\"https:\\\/\\\/www.cvs-marketing.com\\\/?s={search_term_string}\"},\"query-input\":{\"@type\":\"PropertyValueSpecification\",\"valueRequired\":true,\"valueName\":\"search_term_string\"}}],\"inLanguage\":\"en-GB\"},{\"@type\":\"Organization\",\"@id\":\"https:\\\/\\\/www.cvs-marketing.com\\\/#organization\",\"name\":\"Agence Conseil en Marketing BtoB - CVS Marketing\",\"url\":\"https:\\\/\\\/www.cvs-marketing.com\\\/\",\"logo\":{\"@type\":\"ImageObject\",\"inLanguage\":\"en-GB\",\"@id\":\"https:\\\/\\\/www.cvs-marketing.com\\\/#\\\/schema\\\/logo\\\/image\\\/\",\"url\":\"https:\\\/\\\/www.cvs-marketing.com\\\/wp-content\\\/uploads\\\/2025\\\/02\\\/logoCVS25.svg\",\"contentUrl\":\"https:\\\/\\\/www.cvs-marketing.com\\\/wp-content\\\/uploads\\\/2025\\\/02\\\/logoCVS25.svg\",\"width\":\"1024\",\"height\":\"1024\",\"caption\":\"Agence Conseil en Marketing BtoB - CVS Marketing\"},\"image\":{\"@id\":\"https:\\\/\\\/www.cvs-marketing.com\\\/#\\\/schema\\\/logo\\\/image\\\/\"},\"sameAs\":[\"https:\\\/\\\/www.facebook.com\\\/agencecvsmarketing\",\"https:\\\/\\\/www.linkedin.com\\\/company\\\/agence-cvs-marketing\\\/\"]}]}<\/script>\n<!-- \/ Yoast SEO plugin. -->","yoast_head_json":{"title":"Welcome to the Professional Blog | CVS MARKETING Insights","description":"D\u00e9couvrez le blog CVS MARKETING INSIGHTS : Conseils, Analyses et Retours d\u2019Exp\u00e9rience pour piloter un marketing B2B performant, agile, align\u00e9.","robots":{"index":"index","follow":"follow","max-snippet":"max-snippet:-1","max-image-preview":"max-image-preview:large","max-video-preview":"max-video-preview:-1"},"canonical":"https:\/\/www.cvs-marketing.com\/en\/marketing-insights\/","og_locale":"en_GB","og_type":"article","og_title":"Bienvenue sur le Blog Professionnel | CVS MARKETING Insights","og_description":"D\u00e9couvrez le blog CVS MARKETING INSIGHTS : Conseils, Analyses et Retours d\u2019Exp\u00e9rience pour piloter un marketing B2B performant, agile, align\u00e9.","og_url":"https:\/\/www.cvs-marketing.com\/en\/marketing-insights\/","og_site_name":"CVS Marketing - Agence Conseil en Marketing BtoB","article_publisher":"https:\/\/www.facebook.com\/agencecvsmarketing","article_modified_time":"2025-12-14T14:29:11+00:00","og_image":[{"width":1200,"height":1500,"url":"https:\/\/www.cvs-marketing.com\/wp-content\/uploads\/2025\/12\/CVS-MARKETING-INSIGHTS-BLOG-PROFESSIONNEL-Page-officielle.png","type":"image\/png"}],"twitter_card":"summary_large_image","twitter_misc":{"Estimated reading time":"2 minutes"},"schema":{"@context":"https:\/\/schema.org","@graph":[{"@type":"WebPage","@id":"https:\/\/www.cvs-marketing.com\/marketing-insights\/","url":"https:\/\/www.cvs-marketing.com\/marketing-insights\/","name":"Welcome to the Professional Blog | CVS MARKETING Insights","isPartOf":{"@id":"https:\/\/www.cvs-marketing.com\/#website"},"primaryImageOfPage":{"@id":"https:\/\/www.cvs-marketing.com\/marketing-insights\/#primaryimage"},"image":{"@id":"https:\/\/www.cvs-marketing.com\/marketing-insights\/#primaryimage"},"thumbnailUrl":"https:\/\/www.cvs-marketing.com\/wp-content\/uploads\/2025\/12\/CVS-MARKETING-INSIGHTS-BLOG-PROFESSIONNEL-Page-officielle.png","datePublished":"2025-12-14T07:51:41+00:00","dateModified":"2025-12-14T14:29:11+00:00","description":"D\u00e9couvrez le blog CVS MARKETING INSIGHTS : Conseils, Analyses et Retours d\u2019Exp\u00e9rience pour piloter un marketing B2B performant, agile, align\u00e9.","breadcrumb":{"@id":"https:\/\/www.cvs-marketing.com\/marketing-insights\/#breadcrumb"},"inLanguage":"en-GB","potentialAction":[{"@type":"ReadAction","target":["https:\/\/www.cvs-marketing.com\/marketing-insights\/"]}]},{"@type":"ImageObject","inLanguage":"en-GB","@id":"https:\/\/www.cvs-marketing.com\/marketing-insights\/#primaryimage","url":"https:\/\/www.cvs-marketing.com\/wp-content\/uploads\/2025\/12\/CVS-MARKETING-INSIGHTS-BLOG-PROFESSIONNEL-Page-officielle.png","contentUrl":"https:\/\/www.cvs-marketing.com\/wp-content\/uploads\/2025\/12\/CVS-MARKETING-INSIGHTS-BLOG-PROFESSIONNEL-Page-officielle.png","width":1200,"height":1500,"caption":"CVS MARKETING INSIGHTS - BLOG PROFESSIONNEL - Page officielle"},{"@type":"BreadcrumbList","@id":"https:\/\/www.cvs-marketing.com\/marketing-insights\/#breadcrumb","itemListElement":[{"@type":"ListItem","position":1,"name":"Accueil","item":"https:\/\/www.cvs-marketing.com\/"},{"@type":"ListItem","position":2,"name":"Blog"}]},{"@type":"WebSite","@id":"https:\/\/www.cvs-marketing.com\/#website","url":"https:\/\/www.cvs-marketing.com\/","name":"BtoB Marketing Consulting Agency - CVS Marketing","description":"Consulting, Strategy, Outsourcing, Digital and Services CVS Marketing","publisher":{"@id":"https:\/\/www.cvs-marketing.com\/#organization"},"alternateName":"Agence Conseil en Marketing BtoB - CVS Marketing","potentialAction":[{"@type":"SearchAction","target":{"@type":"EntryPoint","urlTemplate":"https:\/\/www.cvs-marketing.com\/?s={search_term_string}"},"query-input":{"@type":"PropertyValueSpecification","valueRequired":true,"valueName":"search_term_string"}}],"inLanguage":"en-GB"},{"@type":"Organization","@id":"https:\/\/www.cvs-marketing.com\/#organization","name":"BtoB Marketing Consulting Agency - CVS Marketing","url":"https:\/\/www.cvs-marketing.com\/","logo":{"@type":"ImageObject","inLanguage":"en-GB","@id":"https:\/\/www.cvs-marketing.com\/#\/schema\/logo\/image\/","url":"https:\/\/www.cvs-marketing.com\/wp-content\/uploads\/2025\/02\/logoCVS25.svg","contentUrl":"https:\/\/www.cvs-marketing.com\/wp-content\/uploads\/2025\/02\/logoCVS25.svg","width":"1024","height":"1024","caption":"Agence Conseil en Marketing BtoB - CVS Marketing"},"image":{"@id":"https:\/\/www.cvs-marketing.com\/#\/schema\/logo\/image\/"},"sameAs":["https:\/\/www.facebook.com\/agencecvsmarketing","https:\/\/www.linkedin.com\/company\/agence-cvs-marketing\/"]}]}},"_links":{"self":[{"href":"https:\/\/www.cvs-marketing.com\/en\/wp-json\/wp\/v2\/pages\/3887","targetHints":{"allow":["GET"]}}],"collection":[{"href":"https:\/\/www.cvs-marketing.com\/en\/wp-json\/wp\/v2\/pages"}],"about":[{"href":"https:\/\/www.cvs-marketing.com\/en\/wp-json\/wp\/v2\/types\/page"}],"author":[{"embeddable":true,"href":"https:\/\/www.cvs-marketing.com\/en\/wp-json\/wp\/v2\/users\/3"}],"replies":[{"embeddable":true,"href":"https:\/\/www.cvs-marketing.com\/en\/wp-json\/wp\/v2\/comments?post=3887"}],"version-history":[{"count":18,"href":"https:\/\/www.cvs-marketing.com\/en\/wp-json\/wp\/v2\/pages\/3887\/revisions"}],"predecessor-version":[{"id":4383,"href":"https:\/\/www.cvs-marketing.com\/en\/wp-json\/wp\/v2\/pages\/3887\/revisions\/4383"}],"wp:featuredmedia":[{"embeddable":true,"href":"https:\/\/www.cvs-marketing.com\/en\/wp-json\/wp\/v2\/media\/4290"}],"wp:attachment":[{"href":"https:\/\/www.cvs-marketing.com\/en\/wp-json\/wp\/v2\/media?parent=3887"}],"curies":[{"name":"wp","href":"https:\/\/api.w.org\/{rel}","templated":true}]}}