{"id":614,"date":"2024-03-20T15:35:47","date_gmt":"2024-03-20T14:35:47","guid":{"rendered":"https:\/\/ilovedesign.fr\/CVS\/?page_id=614"},"modified":"2025-11-10T18:42:02","modified_gmt":"2025-11-10T17:42:02","slug":"mentions-legales","status":"publish","type":"page","link":"https:\/\/www.cvs-marketing.com\/en\/legal-terms\/","title":{"rendered":"legal notices"},"content":{"rendered":"<p>[et_pb_section fb_built=\u00a0\u00bb1&Prime; _builder_version=\u00a0\u00bb4.24.2&Prime; _module_preset=\u00a0\u00bbdefault\u00a0\u00bb global_colors_info=\u00a0\u00bb{}\u00a0\u00bb][et_pb_row _builder_version=\u00a0\u00bb4.24.2&Prime; _module_preset=\u00a0\u00bbdefault\u00a0\u00bb width=\u00a0\u00bb100%\u00a0\u00bb max_width=\u00a0\u00bb50%\u00a0\u00bb module_alignment=\u00a0\u00bbcenter\u00a0\u00bb custom_margin=\u00a0\u00bb150px|10px|-10px|10px|false|true\u00a0\u00bb custom_padding=\u00a0\u00bb0px|53px||53px|false|true\u00a0\u00bb global_colors_info=\u00a0\u00bb{}\u00a0\u00bb][et_pb_column type=\u00a0\u00bb4_4&Prime; _builder_version=\u00a0\u00bb4.24.2&Prime; _module_preset=\u00a0\u00bbdefault\u00a0\u00bb global_colors_info=\u00a0\u00bb{}\u00a0\u00bb][et_pb_text _builder_version=\u00a0\u00bb4.27.4&Prime; _module_preset=\u00a0\u00bbdefault\u00a0\u00bb text_font=\u00a0\u00bb|300||on|||||\u00a0\u00bb text_text_color=\u00a0\u00bb#19879F\u00a0\u00bb text_font_size=\u00a0\u00bb34px\u00a0\u00bb hover_enabled=\u00a0\u00bb0&Prime; global_colors_info=\u00a0\u00bb{}\u00a0\u00bb sticky_enabled=\u00a0\u00bb0&Prime;]<\/p>\n<h1><span style=\"color: #19879f;\">Mentions l\u00e9gales<\/span><\/h1>\n<p>[\/et_pb_text][et_pb_text _builder_version=\u00a0\u00bb4.27.4&Prime; _module_preset=\u00a0\u00bbdefault\u00a0\u00bb text_text_color=\u00a0\u00bb#19879F\u00a0\u00bb hover_enabled=\u00a0\u00bb0&Prime; global_colors_info=\u00a0\u00bb{}\u00a0\u00bb text_font_size=\u00a0\u00bb16px\u00a0\u00bb sticky_enabled=\u00a0\u00bb0&Prime;]<\/p>\n<p><strong>CVS Marketing<\/strong><br \/>Bienvenue sur le site internet de CVS Marketing, SASU au capital de 2500 \u20ac, dont le si\u00e8ge social est situ\u00e9 : 13, rue des Mara\u00eechers, 91180 Saint Germain les Arpajon, France, immatricul\u00e9e au RCS Evry : 838 199 032.<\/p>\n<p>Directrice de la publication : Christelle Valentin Soupin<\/p>\n<p>Conception, r\u00e9daction, SEO : CVS Marketing<\/p>\n<p>Graphisme, design, d\u00e9veloppement web : meriadeg.com<\/p>\n<p>L\u2019ensemble des contenus du site internet sont d\u00e9clar\u00e9s originaux et, \u00e0 ce titre, sont la propri\u00e9t\u00e9 exclusive de CVS Marketing. La reproduction et l\u2019utilisation de nos contenus marketing sans autorisation \u00e9crite pr\u00e9alable \u00e0 des fins commerciales sont interdites. Tout manquement \u00e0 ce principe de propri\u00e9t\u00e9 intellectuelle fera l\u2019objet de poursuites.<\/p>\n<p>&nbsp;<\/p>\n<p><strong>H\u00e9bergeur web :<\/strong> SAS OVH &#8211;<span style=\"font-size: 14px;\">\u00a02, rue Kellermann, BP 80157, 59100 Roubaix<\/span><\/p>\n<p>Ce site web dispose d\u2019un certificat SSL actualis\u00e9 selon les bonnes pratiques en vigueur chez l\u2019h\u00e9bergeur.<\/p>\n<p>&nbsp;<\/p>\n<p><strong>Informations techniques \u2013 R\u00e9seau Internet<br \/><\/strong>Nous vous rappelons que le secret des correspondances n\u2019est pas garanti sur le r\u00e9seau Internet et qu\u2019il appartient \u00e0 chaque utilisateur d\u2019Internet de prendre toutes les mesures appropri\u00e9es de fa\u00e7on \u00e0 prot\u00e9ger ses propres donn\u00e9es et\/ou logiciels de la contamination d\u2019\u00e9ventuels virus circulant sur le web.<\/p>\n<p>&nbsp;<\/p>\n<p><strong>Donn\u00e9es personnelles et Confidentialit\u00e9 des informations<br \/><\/strong>Les donn\u00e9es que nous collectons ont fait l\u2019objet de votre consentement et sont destin\u00e9es \u00e0 notre utilisation exclusive. Ces donn\u00e9es ne sont jamais partag\u00e9es avec des tiers ou revendues.<\/p>\n<p>Conform\u00e9ment aux dispositions de la loi n\u00b078-17 du 6 janvier 1978 relative \u00e0 l\u2019informatique, aux fichiers et aux libert\u00e9s, vous disposez d\u2019un droit d\u2019acc\u00e8s, de rectification ou de suppression des donn\u00e9es qui vous concernent. Pour exercer ce droit, envoyez-nous un email \u00e0 info[@]cvs-marketing.com<\/p>\n<p><span style=\"font-size: 14px;\">Les donn\u00e9es que nous collectons concernent <\/span>votre envoi de formulaire de contact web. Ces donn\u00e9es nous permettent de prendre contact rapidement avec vous, \u00e0 votre demande. Elles sont conserv\u00e9es sans limitation de dur\u00e9e. Elles ne sont en aucun cas transf\u00e9r\u00e9es, vendues ou c\u00e9d\u00e9es \u00e0 un tiers, ni en France ni ailleurs dans le monde.<\/p>\n<p>&nbsp;<\/p>\n<p><strong>Cookies et RGPD<\/strong><\/p>\n<p>Ce site web utilise des cookies (traceurs) pour des mesures d\u2019audience Google Analytics. Lorsque vous vous connectez \u00e0 notre site web, un bandeau vous informe de l\u2019utilisation de ces cookies. Vous pouvez cliquer \u00ab oui, j\u2019accepte \u00bb, pour les accepter, ou \u00ab personnaliser \u00bb afin d\u2019adapter votre exp\u00e9rience.<\/p>\n<p>\u00c0 tout moment, vous pouvez demander \u00e0 retirer chaque cookie inscrit sur votre terminal en nous envoyant un e-mail \u00e0 : info[@]cvs-marketing.com ou en t\u00e9l\u00e9phonant au 01 64 92 96 44. Nous nous engageons \u00e0 retirer les cookies \u00e0 r\u00e9ception de votre demande.<\/p>\n<p>&nbsp;<\/p>\n<p>[\/et_pb_text][\/et_pb_column][\/et_pb_row][\/et_pb_section]<\/p>\n","protected":false},"excerpt":{"rendered":"<p>Mentions l\u00e9galesCVS MarketingBienvenue sur le site internet de CVS Marketing, SASU au capital de 2500 \u20ac, dont le si\u00e8ge social est situ\u00e9 : 13, rue des Mara\u00eechers, 91180 Saint Germain les Arpajon, France, immatricul\u00e9e au RCS Evry : 838 199 032. Directrice de la publication : Christelle Valentin Soupin Conception, r\u00e9daction, SEO : CVS Marketing [&hellip;]<\/p>\n","protected":false},"author":3,"featured_media":2244,"parent":0,"menu_order":0,"comment_status":"closed","ping_status":"closed","template":"","meta":{"_et_pb_use_builder":"on","_et_pb_old_content":"","_et_gb_content_width":"","inline_featured_image":false,"footnotes":""},"class_list":["post-614","page","type-page","status-publish","has-post-thumbnail","hentry"],"yoast_head":"<!-- This site is optimized with the Yoast SEO plugin v27.4 - https:\/\/yoast.com\/product\/yoast-seo-wordpress\/ -->\n<title>Mentions l\u00e9gales CVS Marketing - Agence BtoB<\/title>\n<meta name=\"description\" content=\"Consultez en ligne ou t\u00e9l\u00e9chargez les mentions l\u00e9gales de CVS Marketing pour obtenir toutes les informations l\u00e9gales relatives \u00e0 nos services\" \/>\n<meta name=\"robots\" content=\"index, follow, max-snippet:-1, max-image-preview:large, max-video-preview:-1\" \/>\n<link rel=\"canonical\" href=\"https:\/\/www.cvs-marketing.com\/en\/legal-terms\/\" \/>\n<meta property=\"og:locale\" content=\"en_GB\" \/>\n<meta property=\"og:type\" content=\"article\" \/>\n<meta property=\"og:title\" content=\"Mentions l\u00e9gales CVS Marketing - Agence BtoB\" \/>\n<meta property=\"og:description\" content=\"Consultez en ligne ou t\u00e9l\u00e9chargez les mentions l\u00e9gales de CVS Marketing pour obtenir toutes les informations l\u00e9gales relatives \u00e0 nos services\" \/>\n<meta property=\"og:url\" content=\"https:\/\/www.cvs-marketing.com\/en\/legal-terms\/\" \/>\n<meta property=\"og:site_name\" content=\"CVS Marketing - Agence Conseil en Marketing BtoB\" \/>\n<meta property=\"article:publisher\" content=\"https:\/\/www.facebook.com\/agencecvsmarketing\" \/>\n<meta property=\"article:modified_time\" content=\"2025-11-10T17:42:02+00:00\" \/>\n<meta property=\"og:image\" content=\"https:\/\/www.cvs-marketing.com\/wp-content\/uploads\/2025\/01\/Logo_Mockup.webp\" \/>\n\t<meta property=\"og:image:width\" content=\"2000\" \/>\n\t<meta property=\"og:image:height\" content=\"1500\" \/>\n\t<meta property=\"og:image:type\" content=\"image\/webp\" \/>\n<meta name=\"twitter:card\" content=\"summary_large_image\" \/>\n<meta name=\"twitter:label1\" content=\"Estimated reading time\" \/>\n\t<meta name=\"twitter:data1\" content=\"3 minutes\" \/>\n<script type=\"application\/ld+json\" class=\"yoast-schema-graph\">{\"@context\":\"https:\\\/\\\/schema.org\",\"@graph\":[{\"@type\":\"WebPage\",\"@id\":\"https:\\\/\\\/www.cvs-marketing.com\\\/mentions-legales\\\/\",\"url\":\"https:\\\/\\\/www.cvs-marketing.com\\\/mentions-legales\\\/\",\"name\":\"Mentions l\u00e9gales CVS Marketing - Agence BtoB\",\"isPartOf\":{\"@id\":\"https:\\\/\\\/www.cvs-marketing.com\\\/#website\"},\"primaryImageOfPage\":{\"@id\":\"https:\\\/\\\/www.cvs-marketing.com\\\/mentions-legales\\\/#primaryimage\"},\"image\":{\"@id\":\"https:\\\/\\\/www.cvs-marketing.com\\\/mentions-legales\\\/#primaryimage\"},\"thumbnailUrl\":\"https:\\\/\\\/www.cvs-marketing.com\\\/wp-content\\\/uploads\\\/2025\\\/01\\\/Logo_Mockup.webp\",\"datePublished\":\"2024-03-20T14:35:47+00:00\",\"dateModified\":\"2025-11-10T17:42:02+00:00\",\"description\":\"Consultez en ligne ou t\u00e9l\u00e9chargez les mentions l\u00e9gales de CVS Marketing pour obtenir toutes les informations l\u00e9gales relatives \u00e0 nos services\",\"breadcrumb\":{\"@id\":\"https:\\\/\\\/www.cvs-marketing.com\\\/mentions-legales\\\/#breadcrumb\"},\"inLanguage\":\"en-GB\",\"potentialAction\":[{\"@type\":\"ReadAction\",\"target\":[\"https:\\\/\\\/www.cvs-marketing.com\\\/mentions-legales\\\/\"]}]},{\"@type\":\"ImageObject\",\"inLanguage\":\"en-GB\",\"@id\":\"https:\\\/\\\/www.cvs-marketing.com\\\/mentions-legales\\\/#primaryimage\",\"url\":\"https:\\\/\\\/www.cvs-marketing.com\\\/wp-content\\\/uploads\\\/2025\\\/01\\\/Logo_Mockup.webp\",\"contentUrl\":\"https:\\\/\\\/www.cvs-marketing.com\\\/wp-content\\\/uploads\\\/2025\\\/01\\\/Logo_Mockup.webp\",\"width\":2000,\"height\":1500,\"caption\":\"mentions l\u00e9gales CVS\"},{\"@type\":\"BreadcrumbList\",\"@id\":\"https:\\\/\\\/www.cvs-marketing.com\\\/mentions-legales\\\/#breadcrumb\",\"itemListElement\":[{\"@type\":\"ListItem\",\"position\":1,\"name\":\"Accueil\",\"item\":\"https:\\\/\\\/www.cvs-marketing.com\\\/\"},{\"@type\":\"ListItem\",\"position\":2,\"name\":\"mentions l\u00e9gales\"}]},{\"@type\":\"WebSite\",\"@id\":\"https:\\\/\\\/www.cvs-marketing.com\\\/#website\",\"url\":\"https:\\\/\\\/www.cvs-marketing.com\\\/\",\"name\":\"Agence Conseil en Marketing BtoB - CVS Marketing\",\"description\":\"Conseil, Strat\u00e9gie, Externalisation, Digital et Services CVS Marketing\",\"publisher\":{\"@id\":\"https:\\\/\\\/www.cvs-marketing.com\\\/#organization\"},\"alternateName\":\"Agence Conseil en Marketing BtoB - CVS Marketing\",\"potentialAction\":[{\"@type\":\"SearchAction\",\"target\":{\"@type\":\"EntryPoint\",\"urlTemplate\":\"https:\\\/\\\/www.cvs-marketing.com\\\/?s={search_term_string}\"},\"query-input\":{\"@type\":\"PropertyValueSpecification\",\"valueRequired\":true,\"valueName\":\"search_term_string\"}}],\"inLanguage\":\"en-GB\"},{\"@type\":\"Organization\",\"@id\":\"https:\\\/\\\/www.cvs-marketing.com\\\/#organization\",\"name\":\"Agence Conseil en Marketing BtoB - CVS Marketing\",\"url\":\"https:\\\/\\\/www.cvs-marketing.com\\\/\",\"logo\":{\"@type\":\"ImageObject\",\"inLanguage\":\"en-GB\",\"@id\":\"https:\\\/\\\/www.cvs-marketing.com\\\/#\\\/schema\\\/logo\\\/image\\\/\",\"url\":\"https:\\\/\\\/www.cvs-marketing.com\\\/wp-content\\\/uploads\\\/2025\\\/02\\\/logoCVS25.svg\",\"contentUrl\":\"https:\\\/\\\/www.cvs-marketing.com\\\/wp-content\\\/uploads\\\/2025\\\/02\\\/logoCVS25.svg\",\"width\":\"1024\",\"height\":\"1024\",\"caption\":\"Agence Conseil en Marketing BtoB - CVS Marketing\"},\"image\":{\"@id\":\"https:\\\/\\\/www.cvs-marketing.com\\\/#\\\/schema\\\/logo\\\/image\\\/\"},\"sameAs\":[\"https:\\\/\\\/www.facebook.com\\\/agencecvsmarketing\",\"https:\\\/\\\/www.linkedin.com\\\/company\\\/agence-cvs-marketing\\\/\"]}]}<\/script>\n<!-- \/ Yoast SEO plugin. -->","yoast_head_json":{"title":"Legal CVS Marketing - BtoB Agency","description":"Consult CVS Marketing's legal notice online or download it to obtain all the legal information relating to our services.","robots":{"index":"index","follow":"follow","max-snippet":"max-snippet:-1","max-image-preview":"max-image-preview:large","max-video-preview":"max-video-preview:-1"},"canonical":"https:\/\/www.cvs-marketing.com\/en\/legal-terms\/","og_locale":"en_GB","og_type":"article","og_title":"Mentions l\u00e9gales CVS Marketing - Agence BtoB","og_description":"Consultez en ligne ou t\u00e9l\u00e9chargez les mentions l\u00e9gales de CVS Marketing pour obtenir toutes les informations l\u00e9gales relatives \u00e0 nos services","og_url":"https:\/\/www.cvs-marketing.com\/en\/legal-terms\/","og_site_name":"CVS Marketing - Agence Conseil en Marketing BtoB","article_publisher":"https:\/\/www.facebook.com\/agencecvsmarketing","article_modified_time":"2025-11-10T17:42:02+00:00","og_image":[{"width":2000,"height":1500,"url":"https:\/\/www.cvs-marketing.com\/wp-content\/uploads\/2025\/01\/Logo_Mockup.webp","type":"image\/webp"}],"twitter_card":"summary_large_image","twitter_misc":{"Estimated reading time":"3 minutes"},"schema":{"@context":"https:\/\/schema.org","@graph":[{"@type":"WebPage","@id":"https:\/\/www.cvs-marketing.com\/mentions-legales\/","url":"https:\/\/www.cvs-marketing.com\/mentions-legales\/","name":"Legal CVS Marketing - BtoB Agency","isPartOf":{"@id":"https:\/\/www.cvs-marketing.com\/#website"},"primaryImageOfPage":{"@id":"https:\/\/www.cvs-marketing.com\/mentions-legales\/#primaryimage"},"image":{"@id":"https:\/\/www.cvs-marketing.com\/mentions-legales\/#primaryimage"},"thumbnailUrl":"https:\/\/www.cvs-marketing.com\/wp-content\/uploads\/2025\/01\/Logo_Mockup.webp","datePublished":"2024-03-20T14:35:47+00:00","dateModified":"2025-11-10T17:42:02+00:00","description":"Consult CVS Marketing's legal notice online or download it to obtain all the legal information relating to our services.","breadcrumb":{"@id":"https:\/\/www.cvs-marketing.com\/mentions-legales\/#breadcrumb"},"inLanguage":"en-GB","potentialAction":[{"@type":"ReadAction","target":["https:\/\/www.cvs-marketing.com\/mentions-legales\/"]}]},{"@type":"ImageObject","inLanguage":"en-GB","@id":"https:\/\/www.cvs-marketing.com\/mentions-legales\/#primaryimage","url":"https:\/\/www.cvs-marketing.com\/wp-content\/uploads\/2025\/01\/Logo_Mockup.webp","contentUrl":"https:\/\/www.cvs-marketing.com\/wp-content\/uploads\/2025\/01\/Logo_Mockup.webp","width":2000,"height":1500,"caption":"mentions l\u00e9gales CVS"},{"@type":"BreadcrumbList","@id":"https:\/\/www.cvs-marketing.com\/mentions-legales\/#breadcrumb","itemListElement":[{"@type":"ListItem","position":1,"name":"Accueil","item":"https:\/\/www.cvs-marketing.com\/"},{"@type":"ListItem","position":2,"name":"mentions l\u00e9gales"}]},{"@type":"WebSite","@id":"https:\/\/www.cvs-marketing.com\/#website","url":"https:\/\/www.cvs-marketing.com\/","name":"BtoB Marketing Consulting Agency - CVS Marketing","description":"Consulting, Strategy, Outsourcing, Digital and Services CVS Marketing","publisher":{"@id":"https:\/\/www.cvs-marketing.com\/#organization"},"alternateName":"Agence Conseil en Marketing BtoB - CVS Marketing","potentialAction":[{"@type":"SearchAction","target":{"@type":"EntryPoint","urlTemplate":"https:\/\/www.cvs-marketing.com\/?s={search_term_string}"},"query-input":{"@type":"PropertyValueSpecification","valueRequired":true,"valueName":"search_term_string"}}],"inLanguage":"en-GB"},{"@type":"Organization","@id":"https:\/\/www.cvs-marketing.com\/#organization","name":"BtoB Marketing Consulting Agency - CVS Marketing","url":"https:\/\/www.cvs-marketing.com\/","logo":{"@type":"ImageObject","inLanguage":"en-GB","@id":"https:\/\/www.cvs-marketing.com\/#\/schema\/logo\/image\/","url":"https:\/\/www.cvs-marketing.com\/wp-content\/uploads\/2025\/02\/logoCVS25.svg","contentUrl":"https:\/\/www.cvs-marketing.com\/wp-content\/uploads\/2025\/02\/logoCVS25.svg","width":"1024","height":"1024","caption":"Agence Conseil en Marketing BtoB - CVS Marketing"},"image":{"@id":"https:\/\/www.cvs-marketing.com\/#\/schema\/logo\/image\/"},"sameAs":["https:\/\/www.facebook.com\/agencecvsmarketing","https:\/\/www.linkedin.com\/company\/agence-cvs-marketing\/"]}]}},"_links":{"self":[{"href":"https:\/\/www.cvs-marketing.com\/en\/wp-json\/wp\/v2\/pages\/614","targetHints":{"allow":["GET"]}}],"collection":[{"href":"https:\/\/www.cvs-marketing.com\/en\/wp-json\/wp\/v2\/pages"}],"about":[{"href":"https:\/\/www.cvs-marketing.com\/en\/wp-json\/wp\/v2\/types\/page"}],"author":[{"embeddable":true,"href":"https:\/\/www.cvs-marketing.com\/en\/wp-json\/wp\/v2\/users\/3"}],"replies":[{"embeddable":true,"href":"https:\/\/www.cvs-marketing.com\/en\/wp-json\/wp\/v2\/comments?post=614"}],"version-history":[{"count":1,"href":"https:\/\/www.cvs-marketing.com\/en\/wp-json\/wp\/v2\/pages\/614\/revisions"}],"predecessor-version":[{"id":4250,"href":"https:\/\/www.cvs-marketing.com\/en\/wp-json\/wp\/v2\/pages\/614\/revisions\/4250"}],"wp:featuredmedia":[{"embeddable":true,"href":"https:\/\/www.cvs-marketing.com\/en\/wp-json\/wp\/v2\/media\/2244"}],"wp:attachment":[{"href":"https:\/\/www.cvs-marketing.com\/en\/wp-json\/wp\/v2\/media?parent=614"}],"curies":[{"name":"wp","href":"https:\/\/api.w.org\/{rel}","templated":true}]}}