{"id":618,"date":"2024-03-20T15:39:49","date_gmt":"2024-03-20T14:39:49","guid":{"rendered":"https:\/\/ilovedesign.fr\/CVS\/?page_id=618"},"modified":"2025-11-10T18:43:40","modified_gmt":"2025-11-10T17:43:40","slug":"politique-de-confidentialite-2","status":"publish","type":"page","link":"https:\/\/www.cvs-marketing.com\/en\/confidentiality-policy\/","title":{"rendered":"Privacy policy"},"content":{"rendered":"<p>[et_pb_section fb_built=\u00a0\u00bb1&Prime; _builder_version=\u00a0\u00bb4.24.2&Prime; _module_preset=\u00a0\u00bbdefault\u00a0\u00bb global_colors_info=\u00a0\u00bb{}\u00a0\u00bb][et_pb_row _builder_version=\u00a0\u00bb4.24.2&Prime; _module_preset=\u00a0\u00bbdefault\u00a0\u00bb width=\u00a0\u00bb100%\u00a0\u00bb max_width=\u00a0\u00bb50%\u00a0\u00bb module_alignment=\u00a0\u00bbcenter\u00a0\u00bb custom_margin=\u00a0\u00bb150px|10px|-10px|10px|false|true\u00a0\u00bb custom_padding=\u00a0\u00bb0px|53px||53px|false|true\u00a0\u00bb global_colors_info=\u00a0\u00bb{}\u00a0\u00bb][et_pb_column type=\u00a0\u00bb4_4&Prime; _builder_version=\u00a0\u00bb4.24.2&Prime; _module_preset=\u00a0\u00bbdefault\u00a0\u00bb global_colors_info=\u00a0\u00bb{}\u00a0\u00bb][et_pb_text _builder_version=\u00a0\u00bb4.27.4&Prime; _module_preset=\u00a0\u00bbdefault\u00a0\u00bb text_font=\u00a0\u00bb|300||on|||||\u00a0\u00bb text_text_color=\u00a0\u00bb#19879F\u00a0\u00bb text_font_size=\u00a0\u00bb34px\u00a0\u00bb hover_enabled=\u00a0\u00bb0&Prime; global_colors_info=\u00a0\u00bb{}\u00a0\u00bb sticky_enabled=\u00a0\u00bb0&Prime;]<\/p>\n<h1><span style=\"color: #19879f;\">Politique de confidentialit\u00e9<\/span><\/h1>\n<p>[\/et_pb_text][et_pb_text _builder_version=\u00a0\u00bb4.27.4&Prime; _module_preset=\u00a0\u00bbdefault\u00a0\u00bb text_text_color=\u00a0\u00bb#19879F\u00a0\u00bb hover_enabled=\u00a0\u00bb0&Prime; global_colors_info=\u00a0\u00bb{}\u00a0\u00bb text_font_size=\u00a0\u00bb16px\u00a0\u00bb sticky_enabled=\u00a0\u00bb0&Prime;]<\/p>\n<p><strong>Qui sommes-nous ?<\/strong><br \/>L\u2019adresse de notre site est : https:\/\/www.cvs-marketing.com. Retrouvez l\u2019ensemble de nos coordonn\u00e9es sur la page des mentions l\u00e9gales.<\/p>\n<p>&nbsp;<\/p>\n<p><strong>Utilisation des donn\u00e9es personnelles collect\u00e9es<\/strong><\/p>\n<p><strong>Cookies Formulaires de contact<\/strong><br \/>Si vous remplissez un formulaire sur notre site, il vous sera propos\u00e9 d\u2019enregistrer votre nom, adresse e-mail et site dans des cookies. C\u2019est uniquement pour votre confort afin de ne pas avoir \u00e0 saisir ces informations si vous d\u00e9posez un autre commentaire plus tard. Ces cookies expirent au bout d\u2019un an.<\/p>\n<p><span style=\"font-size: 14px;\">Si vous vous rendez sur la page de connexion, un cookie temporaire sera cr\u00e9\u00e9 pour d\u00e9terminer si votre navigateur accepte les cookies. Il ne contient pas de donn\u00e9es personnelles et sera supprim\u00e9 automatiquement \u00e0 la fermeture de votre navigateur.<\/span><\/p>\n<p>Lorsque vous vous connecterez, nous mettrons en place un certain nombre de cookies pour enregistrer vos informations de connexion et vos pr\u00e9f\u00e9rences d\u2019\u00e9cran. La dur\u00e9e de vie d\u2019un cookie de connexion est de deux jours, celle d\u2019un cookie d\u2019option d\u2019\u00e9cran est d\u2019un an. Si vous cochez \u00ab Se souvenir de moi \u00bb, votre cookie de connexion sera conserv\u00e9 pendant deux semaines. Si vous vous d\u00e9connectez de votre compte, le cookie de connexion sera effac\u00e9.<\/p>\n<p>En modifiant ou en publiant une publication, un cookie suppl\u00e9mentaire sera enregistr\u00e9 dans votre navigateur. Ce cookie ne comprend aucune donn\u00e9e personnelle. Il indique simplement l\u2019ID de la publication que vous venez de modifier. Il expire au bout d\u2019un jour.<\/p>\n<p>&nbsp;<\/p>\n<p><strong>Contenu embarqu\u00e9 depuis d\u2019autres sites<\/strong><br \/>Les articles de ce site peuvent inclure des contenus int\u00e9gr\u00e9s (par exemple des vid\u00e9os, images, articles\u2026). Le contenu int\u00e9gr\u00e9 depuis d\u2019autres sites se comporte de la m\u00eame mani\u00e8re que si le visiteur se rendait sur cet autre site.<\/p>\n<p><span style=\"font-size: 14px;\">Ces sites web pourraient collecter des donn\u00e9es sur vous, utiliser des cookies, embarquer des outils de suivis tiers, suivre vos interactions avec ces contenus embarqu\u00e9s si vous disposez d\u2019un compte connect\u00e9 sur leur site web.<\/span><\/p>\n<p><span style=\"font-size: 14px;\"><\/span><\/p>\n<p><strong>Statistiques et mesures d\u2019audience<\/strong><br \/>Nous utilisons des cookies Google \u00e0 des fins de statistiques d\u2019audience.<\/p>\n<p>&nbsp;<\/p>\n<p><strong>Dur\u00e9e de stockage de vos donn\u00e9es<\/strong><br \/>Si vous laissez un commentaire, le commentaire et ses m\u00e9tadonn\u00e9es sont conserv\u00e9s ind\u00e9finiment. Cela permet de reconna\u00eetre et approuver automatiquement les commentaires suivants au lieu de les laisser dans la file de mod\u00e9ration.<br \/><span style=\"font-size: 14px;\">Pour les comptes qui s\u2019inscrivent sur notre site (le cas \u00e9ch\u00e9ant), nous stockons \u00e9galement les donn\u00e9es personnelles indiqu\u00e9es dans leur profil. Tous les comptes peuvent voir, modifier ou supprimer leurs informations personnelles \u00e0 tout moment (\u00e0 l\u2019exception de leur identifiant). Les gestionnaires du site peuvent aussi voir et modifier ces informations.<\/span><\/p>\n<p><span style=\"font-size: 14px;\"><\/span><\/p>\n<p><strong>Les droits que vous avez sur vos donn\u00e9es<\/strong><br \/>Si vous avez un compte ou si vous avez laiss\u00e9 des commentaires sur le site, vous pouvez demander \u00e0 recevoir un fichier contenant toutes les donn\u00e9es personnelles que nous poss\u00e9dons \u00e0 votre sujet, incluant celles que vous nous avez fournies.<\/p>\n<p>Vous pouvez par ailleurs demander la suppression des donn\u00e9es personnelles vous concernant. Cela ne prend pas en compte les donn\u00e9es stock\u00e9es \u00e0 des fins administratives, l\u00e9gales ou pour des raisons de s\u00e9curit\u00e9.<\/p>\n<p>&nbsp;<\/p>\n<p><strong>Non-transmission de vos donn\u00e9es personnelles<\/strong><br \/>Les commentaires des visiteurs peuvent \u00eatre v\u00e9rifi\u00e9s \u00e0 l\u2019aide d\u2019un service automatis\u00e9 de d\u00e9tection des commentaires ind\u00e9sirables.<br \/><span style=\"font-size: 14px;\">Vos donn\u00e9es ne sont ni vendues ni c\u00e9d\u00e9es \u00e0 aucun tiers.<\/span><\/p>\n<p><span style=\"font-size: 14px;\"><\/span><\/p>\n<p><strong>Informations de contact<\/strong><br \/>Si vous avez des questions, contactez-nous \u00e0 info{@}cvs-marketing.com ou au Tel. 01 64 92 96 44.<\/p>\n<p>&nbsp;<\/p>\n<p><strong>Informations suppl\u00e9mentaires : <\/strong><strong>Comment nous prot\u00e9geons vos donn\u00e9es<\/strong><br \/>Ce site internet dispose d\u2019un certificat SSL r\u00e9guli\u00e8rement mis \u00e0 jour aupr\u00e8s de l\u2019h\u00e9bergeur du site OVH. Pour en savoir plus sur la politique de protection des donn\u00e9es des sites h\u00e9berg\u00e9s chez OVH, veuillez visiter le site de l\u2019h\u00e9bergeur.<\/p>\n<p>[\/et_pb_text][\/et_pb_column][\/et_pb_row][\/et_pb_section]<\/p>\n","protected":false},"excerpt":{"rendered":"<p>Politique de confidentialit\u00e9Qui sommes-nous ?L\u2019adresse de notre site est : https:\/\/www.cvs-marketing.com. Retrouvez l\u2019ensemble de nos coordonn\u00e9es sur la page des mentions l\u00e9gales. &nbsp; Utilisation des donn\u00e9es personnelles collect\u00e9es Cookies Formulaires de contactSi vous remplissez un formulaire sur notre site, il vous sera propos\u00e9 d\u2019enregistrer votre nom, adresse e-mail et site dans des cookies. C\u2019est uniquement [&hellip;]<\/p>\n","protected":false},"author":3,"featured_media":1377,"parent":0,"menu_order":0,"comment_status":"closed","ping_status":"closed","template":"","meta":{"_et_pb_use_builder":"on","_et_pb_old_content":"","_et_gb_content_width":"","inline_featured_image":false,"footnotes":""},"class_list":["post-618","page","type-page","status-publish","has-post-thumbnail","hentry"],"yoast_head":"<!-- This site is optimized with the Yoast SEO plugin v27.5 - https:\/\/yoast.com\/product\/yoast-seo-wordpress\/ -->\n<title>Politique de confidentialit\u00e9 CVS Marketing - Agence BtoB<\/title>\n<meta name=\"description\" content=\"Consultez la politique de confidentialit\u00e9 de CVS Marketing sur cette page pour en savoir plus sur la gestion de vos donn\u00e9es personnelles.\" \/>\n<meta name=\"robots\" content=\"index, follow, max-snippet:-1, max-image-preview:large, max-video-preview:-1\" \/>\n<link rel=\"canonical\" href=\"https:\/\/www.cvs-marketing.com\/en\/confidentiality-policy\/\" \/>\n<meta property=\"og:locale\" content=\"en_GB\" \/>\n<meta property=\"og:type\" content=\"article\" \/>\n<meta property=\"og:title\" content=\"Politique de confidentialit\u00e9 CVS Marketing - Agence BtoB\" \/>\n<meta property=\"og:description\" content=\"Consultez la politique de confidentialit\u00e9 de CVS Marketing sur cette page pour en savoir plus sur la gestion de vos donn\u00e9es personnelles.\" \/>\n<meta property=\"og:url\" content=\"https:\/\/www.cvs-marketing.com\/en\/confidentiality-policy\/\" \/>\n<meta property=\"og:site_name\" content=\"CVS Marketing - Agence Conseil en Marketing BtoB\" \/>\n<meta property=\"article:publisher\" content=\"https:\/\/www.facebook.com\/agencecvsmarketing\" \/>\n<meta property=\"article:modified_time\" content=\"2025-11-10T17:43:40+00:00\" \/>\n<meta name=\"twitter:card\" content=\"summary_large_image\" \/>\n<meta name=\"twitter:label1\" content=\"Estimated reading time\" \/>\n\t<meta name=\"twitter:data1\" content=\"4 minutes\" \/>\n<script type=\"application\/ld+json\" class=\"yoast-schema-graph\">{\"@context\":\"https:\\\/\\\/schema.org\",\"@graph\":[{\"@type\":\"WebPage\",\"@id\":\"https:\\\/\\\/www.cvs-marketing.com\\\/politique-de-confidentialite-2\\\/\",\"url\":\"https:\\\/\\\/www.cvs-marketing.com\\\/politique-de-confidentialite-2\\\/\",\"name\":\"Politique de confidentialit\u00e9 CVS Marketing - Agence BtoB\",\"isPartOf\":{\"@id\":\"https:\\\/\\\/www.cvs-marketing.com\\\/#website\"},\"primaryImageOfPage\":{\"@id\":\"https:\\\/\\\/www.cvs-marketing.com\\\/politique-de-confidentialite-2\\\/#primaryimage\"},\"image\":{\"@id\":\"https:\\\/\\\/www.cvs-marketing.com\\\/politique-de-confidentialite-2\\\/#primaryimage\"},\"thumbnailUrl\":\"https:\\\/\\\/www.cvs-marketing.com\\\/wp-content\\\/uploads\\\/2024\\\/07\\\/cvs-marketing-LOGO-2024.svg\",\"datePublished\":\"2024-03-20T14:39:49+00:00\",\"dateModified\":\"2025-11-10T17:43:40+00:00\",\"description\":\"Consultez la politique de confidentialit\u00e9 de CVS Marketing sur cette page pour en savoir plus sur la gestion de vos donn\u00e9es personnelles.\",\"breadcrumb\":{\"@id\":\"https:\\\/\\\/www.cvs-marketing.com\\\/politique-de-confidentialite-2\\\/#breadcrumb\"},\"inLanguage\":\"en-GB\",\"potentialAction\":[{\"@type\":\"ReadAction\",\"target\":[\"https:\\\/\\\/www.cvs-marketing.com\\\/politique-de-confidentialite-2\\\/\"]}]},{\"@type\":\"ImageObject\",\"inLanguage\":\"en-GB\",\"@id\":\"https:\\\/\\\/www.cvs-marketing.com\\\/politique-de-confidentialite-2\\\/#primaryimage\",\"url\":\"https:\\\/\\\/www.cvs-marketing.com\\\/wp-content\\\/uploads\\\/2024\\\/07\\\/cvs-marketing-LOGO-2024.svg\",\"contentUrl\":\"https:\\\/\\\/www.cvs-marketing.com\\\/wp-content\\\/uploads\\\/2024\\\/07\\\/cvs-marketing-LOGO-2024.svg\",\"caption\":\"politique de confidentialit\u00e9 CVS Marketing\"},{\"@type\":\"BreadcrumbList\",\"@id\":\"https:\\\/\\\/www.cvs-marketing.com\\\/politique-de-confidentialite-2\\\/#breadcrumb\",\"itemListElement\":[{\"@type\":\"ListItem\",\"position\":1,\"name\":\"Accueil\",\"item\":\"https:\\\/\\\/www.cvs-marketing.com\\\/\"},{\"@type\":\"ListItem\",\"position\":2,\"name\":\"Politique de confidentialit\u00e9\"}]},{\"@type\":\"WebSite\",\"@id\":\"https:\\\/\\\/www.cvs-marketing.com\\\/#website\",\"url\":\"https:\\\/\\\/www.cvs-marketing.com\\\/\",\"name\":\"Agence Conseil en Marketing BtoB - CVS Marketing\",\"description\":\"Conseil, Strat\u00e9gie, Externalisation, Digital et Services CVS Marketing\",\"publisher\":{\"@id\":\"https:\\\/\\\/www.cvs-marketing.com\\\/#organization\"},\"alternateName\":\"Agence Conseil en Marketing BtoB - CVS Marketing\",\"potentialAction\":[{\"@type\":\"SearchAction\",\"target\":{\"@type\":\"EntryPoint\",\"urlTemplate\":\"https:\\\/\\\/www.cvs-marketing.com\\\/?s={search_term_string}\"},\"query-input\":{\"@type\":\"PropertyValueSpecification\",\"valueRequired\":true,\"valueName\":\"search_term_string\"}}],\"inLanguage\":\"en-GB\"},{\"@type\":\"Organization\",\"@id\":\"https:\\\/\\\/www.cvs-marketing.com\\\/#organization\",\"name\":\"Agence Conseil en Marketing BtoB - CVS Marketing\",\"url\":\"https:\\\/\\\/www.cvs-marketing.com\\\/\",\"logo\":{\"@type\":\"ImageObject\",\"inLanguage\":\"en-GB\",\"@id\":\"https:\\\/\\\/www.cvs-marketing.com\\\/#\\\/schema\\\/logo\\\/image\\\/\",\"url\":\"https:\\\/\\\/www.cvs-marketing.com\\\/wp-content\\\/uploads\\\/2025\\\/02\\\/logoCVS25.svg\",\"contentUrl\":\"https:\\\/\\\/www.cvs-marketing.com\\\/wp-content\\\/uploads\\\/2025\\\/02\\\/logoCVS25.svg\",\"width\":\"1024\",\"height\":\"1024\",\"caption\":\"Agence Conseil en Marketing BtoB - CVS Marketing\"},\"image\":{\"@id\":\"https:\\\/\\\/www.cvs-marketing.com\\\/#\\\/schema\\\/logo\\\/image\\\/\"},\"sameAs\":[\"https:\\\/\\\/www.facebook.com\\\/agencecvsmarketing\",\"https:\\\/\\\/www.linkedin.com\\\/company\\\/agence-cvs-marketing\\\/\"]}]}<\/script>\n<!-- \/ Yoast SEO plugin. -->","yoast_head_json":{"title":"CVS Marketing Privacy Policy - BtoB Agency","description":"Consult the CVS Marketing confidentiality policy on this page to find out more about the management of your personal data.","robots":{"index":"index","follow":"follow","max-snippet":"max-snippet:-1","max-image-preview":"max-image-preview:large","max-video-preview":"max-video-preview:-1"},"canonical":"https:\/\/www.cvs-marketing.com\/en\/confidentiality-policy\/","og_locale":"en_GB","og_type":"article","og_title":"Politique de confidentialit\u00e9 CVS Marketing - Agence BtoB","og_description":"Consultez la politique de confidentialit\u00e9 de CVS Marketing sur cette page pour en savoir plus sur la gestion de vos donn\u00e9es personnelles.","og_url":"https:\/\/www.cvs-marketing.com\/en\/confidentiality-policy\/","og_site_name":"CVS Marketing - Agence Conseil en Marketing BtoB","article_publisher":"https:\/\/www.facebook.com\/agencecvsmarketing","article_modified_time":"2025-11-10T17:43:40+00:00","twitter_card":"summary_large_image","twitter_misc":{"Estimated reading time":"4 minutes"},"schema":{"@context":"https:\/\/schema.org","@graph":[{"@type":"WebPage","@id":"https:\/\/www.cvs-marketing.com\/politique-de-confidentialite-2\/","url":"https:\/\/www.cvs-marketing.com\/politique-de-confidentialite-2\/","name":"CVS Marketing Privacy Policy - BtoB Agency","isPartOf":{"@id":"https:\/\/www.cvs-marketing.com\/#website"},"primaryImageOfPage":{"@id":"https:\/\/www.cvs-marketing.com\/politique-de-confidentialite-2\/#primaryimage"},"image":{"@id":"https:\/\/www.cvs-marketing.com\/politique-de-confidentialite-2\/#primaryimage"},"thumbnailUrl":"https:\/\/www.cvs-marketing.com\/wp-content\/uploads\/2024\/07\/cvs-marketing-LOGO-2024.svg","datePublished":"2024-03-20T14:39:49+00:00","dateModified":"2025-11-10T17:43:40+00:00","description":"Consult the CVS Marketing confidentiality policy on this page to find out more about the management of your personal data.","breadcrumb":{"@id":"https:\/\/www.cvs-marketing.com\/politique-de-confidentialite-2\/#breadcrumb"},"inLanguage":"en-GB","potentialAction":[{"@type":"ReadAction","target":["https:\/\/www.cvs-marketing.com\/politique-de-confidentialite-2\/"]}]},{"@type":"ImageObject","inLanguage":"en-GB","@id":"https:\/\/www.cvs-marketing.com\/politique-de-confidentialite-2\/#primaryimage","url":"https:\/\/www.cvs-marketing.com\/wp-content\/uploads\/2024\/07\/cvs-marketing-LOGO-2024.svg","contentUrl":"https:\/\/www.cvs-marketing.com\/wp-content\/uploads\/2024\/07\/cvs-marketing-LOGO-2024.svg","caption":"politique de confidentialit\u00e9 CVS Marketing"},{"@type":"BreadcrumbList","@id":"https:\/\/www.cvs-marketing.com\/politique-de-confidentialite-2\/#breadcrumb","itemListElement":[{"@type":"ListItem","position":1,"name":"Accueil","item":"https:\/\/www.cvs-marketing.com\/"},{"@type":"ListItem","position":2,"name":"Politique de confidentialit\u00e9"}]},{"@type":"WebSite","@id":"https:\/\/www.cvs-marketing.com\/#website","url":"https:\/\/www.cvs-marketing.com\/","name":"BtoB Marketing Consulting Agency - CVS Marketing","description":"Consulting, Strategy, Outsourcing, Digital and Services CVS Marketing","publisher":{"@id":"https:\/\/www.cvs-marketing.com\/#organization"},"alternateName":"Agence Conseil en Marketing BtoB - CVS Marketing","potentialAction":[{"@type":"SearchAction","target":{"@type":"EntryPoint","urlTemplate":"https:\/\/www.cvs-marketing.com\/?s={search_term_string}"},"query-input":{"@type":"PropertyValueSpecification","valueRequired":true,"valueName":"search_term_string"}}],"inLanguage":"en-GB"},{"@type":"Organization","@id":"https:\/\/www.cvs-marketing.com\/#organization","name":"BtoB Marketing Consulting Agency - CVS Marketing","url":"https:\/\/www.cvs-marketing.com\/","logo":{"@type":"ImageObject","inLanguage":"en-GB","@id":"https:\/\/www.cvs-marketing.com\/#\/schema\/logo\/image\/","url":"https:\/\/www.cvs-marketing.com\/wp-content\/uploads\/2025\/02\/logoCVS25.svg","contentUrl":"https:\/\/www.cvs-marketing.com\/wp-content\/uploads\/2025\/02\/logoCVS25.svg","width":"1024","height":"1024","caption":"Agence Conseil en Marketing BtoB - CVS Marketing"},"image":{"@id":"https:\/\/www.cvs-marketing.com\/#\/schema\/logo\/image\/"},"sameAs":["https:\/\/www.facebook.com\/agencecvsmarketing","https:\/\/www.linkedin.com\/company\/agence-cvs-marketing\/"]}]}},"_links":{"self":[{"href":"https:\/\/www.cvs-marketing.com\/en\/wp-json\/wp\/v2\/pages\/618","targetHints":{"allow":["GET"]}}],"collection":[{"href":"https:\/\/www.cvs-marketing.com\/en\/wp-json\/wp\/v2\/pages"}],"about":[{"href":"https:\/\/www.cvs-marketing.com\/en\/wp-json\/wp\/v2\/types\/page"}],"author":[{"embeddable":true,"href":"https:\/\/www.cvs-marketing.com\/en\/wp-json\/wp\/v2\/users\/3"}],"replies":[{"embeddable":true,"href":"https:\/\/www.cvs-marketing.com\/en\/wp-json\/wp\/v2\/comments?post=618"}],"version-history":[{"count":1,"href":"https:\/\/www.cvs-marketing.com\/en\/wp-json\/wp\/v2\/pages\/618\/revisions"}],"predecessor-version":[{"id":4252,"href":"https:\/\/www.cvs-marketing.com\/en\/wp-json\/wp\/v2\/pages\/618\/revisions\/4252"}],"wp:featuredmedia":[{"embeddable":true,"href":"https:\/\/www.cvs-marketing.com\/en\/wp-json\/wp\/v2\/media\/1377"}],"wp:attachment":[{"href":"https:\/\/www.cvs-marketing.com\/en\/wp-json\/wp\/v2\/media?parent=618"}],"curies":[{"name":"wp","href":"https:\/\/api.w.org\/{rel}","templated":true}]}}